{"id":6142,"date":"2020-06-22T08:28:25","date_gmt":"2020-06-22T05:28:25","guid":{"rendered":"https:\/\/guven-mimarlik.com\/projects\/"},"modified":"2022-08-12T21:13:10","modified_gmt":"2022-08-12T18:13:10","slug":"projects","status":"publish","type":"page","link":"https:\/\/guvenmimarlik.com\/en\/projects\/","title":{"rendered":"Projects"},"content":{"rendered":"\t\t<div data-elementor-type=\"wp-page\" data-elementor-id=\"6142\" class=\"elementor elementor-6142 elementor-3764\">\n\t\t\t\t\t\t\t\t\t<section class=\"elementor-section elementor-top-section elementor-element elementor-element-078928f elementor-section-full_width elementor-section-height-default elementor-section-height-default\" data-id=\"078928f\" data-element_type=\"section\">\n\t\t\t\t\t\t<div class=\"elementor-container elementor-column-gap-default\">\n\t\t\t\t\t<div class=\"elementor-column elementor-col-100 elementor-top-column elementor-element elementor-element-78bced2 ot-flex-column-vertical\" data-id=\"78bced2\" data-element_type=\"column\">\n\t\t\t<div class=\"elementor-widget-wrap elementor-element-populated\">\n\t\t\t\t\t\t\t\t<div class=\"elementor-element elementor-element-7f7d0e5 elementor-widget elementor-widget-ipfilter\" data-id=\"7f7d0e5\" data-element_type=\"widget\" data-widget_type=\"ipfilter.default\">\n\t\t\t\t<div class=\"elementor-widget-container\">\n\t\t\t\r\n\t\t<div class=\"project-filter-wrapper\">\r\n\t\t\t\t        \t<div class=\"container\">\r\n\t        \t\t<ul class=\"project_filters\">\r\n\t        \t\t\t\t        \t\t\t \t<li><a href=\"#\" data-filter=\"*\" class=\"selected btn-details\">All<span class=\"filter-count\"><\/span><\/a><\/li>\r\n\t        \t\t\t\t\t                \t\t                \t<li>\r\n\t\t\t\t\t\t\t\t<a class=\"btn-details\" href='#' data-filter='.category-15'>Mimari Proje<span class=\"filter-count\"><\/span><\/a>\r\n\t\t\t\t\t\t\t<\/li>\t                   \r\n\t\t                \t\t                \t<li>\r\n\t\t\t\t\t\t\t\t<a class=\"btn-details\" href='#' data-filter='.category-17'>R\u00f6l\u00f6ve - Restorasyon<span class=\"filter-count\"><\/span><\/a>\r\n\t\t\t\t\t\t\t<\/li>\t                   \r\n\t\t                \t\t                \t<li>\r\n\t\t\t\t\t\t\t\t<a class=\"btn-details\" href='#' data-filter='.category-18'>\u0130\u00e7 Mekan<span class=\"filter-count\"><\/span><\/a>\r\n\t\t\t\t\t\t\t<\/li>\t                   \r\n\t\t                \t\t\t\t\t<\/ul>\r\n\t\t\t\t<\/div>\r\n\t        \t\t\t\t        <div class=\"projects-grid pf_4_cols style-1 img-scale w-auto\" data-load=\"8\" data-count=\"26\">\r\n\t\t\t<div class=\"grid-sizer\"><\/div>\r\n\t            \r\n<div class=\"project-item category-18 \">\r\n\t<div class=\"projects-box\">\r\n\t\t<div class=\"projects-thumbnail\" data-src=\"https:\/\/guvenmimarlik.com\/wp-content\/uploads\/2025\/06\/alternatif-galeri-1_2-copy-scaled.jpg\" data-sub-html=\"Paker Motors Oto Galeri \/ \u0130stanbul\">\r\n\t\t\t<a href=\"https:\/\/guvenmimarlik.com\/en\/tum-projeler\/paker-motors-oto-galeri-istanbul\/\">\r\n\t\t\t\t<img width=\"720\" height=\"720\" src=\"https:\/\/guvenmimarlik.com\/wp-content\/uploads\/2025\/06\/alternatif-galeri-1_2-copy-720x720.jpg\" class=\"attachment-theratio-portfolio-thumbnail-grid size-theratio-portfolio-thumbnail-grid wp-post-image\" alt=\"\" decoding=\"async\" loading=\"lazy\" \/>\t\t\t<\/a>\r\n\t\t\t\r\n\t\t\t<span class=\"overlay\">\r\n\t\t\t\t<h5>Paker Motors Oto Galeri \/ \u0130stanbul<\/h5>\r\n\t\t\t\t<i class=\"ot-flaticon-add\"><\/i>\r\n\t\t\t<\/span>\r\n\t\t<\/div>\r\n\t\t<div class=\"portfolio-info\">\r\n\t\t\t<div class=\"portfolio-info-inner\">\r\n\t\t\t\t<h5><a class=\"title-link\" href=\"https:\/\/guvenmimarlik.com\/en\/tum-projeler\/paker-motors-oto-galeri-istanbul\/\" data-src=\"https:\/\/guvenmimarlik.com\/wp-content\/uploads\/2025\/06\/alternatif-galeri-1_2-copy-scaled.jpg\" data-sub-html=\"Paker Motors Oto Galeri \/ \u0130stanbul\">Paker Motors Oto Galeri \/ \u0130stanbul<\/a><\/h5>\r\n\t\t\t\t<p class=\"portfolio-cates\"><a href=\"https:\/\/guvenmimarlik.com\/portfolio-category\/ic-mekan\/\">\u0130\u00e7 Mekan<\/a><\/p> \r\n\t\t\t<\/div>\r\n\t\t\t<a class=\"overlay\" href=\"https:\/\/guvenmimarlik.com\/en\/tum-projeler\/paker-motors-oto-galeri-istanbul\/\"><\/a>\r\n\t\t<\/div>\r\n\t<\/div>\r\n<\/div>\r\n<div class=\"project-item category-18 \">\r\n\t<div class=\"projects-box\">\r\n\t\t<div class=\"projects-thumbnail\" data-src=\"https:\/\/guvenmimarlik.com\/wp-content\/uploads\/2025\/06\/a4-copy_yeni.jpg\" data-sub-html=\"Sina P\u0131rlanta Ma\u011faza \/ \u0130stanbul\">\r\n\t\t\t<a href=\"https:\/\/guvenmimarlik.com\/en\/tum-projeler\/sina-pirlanta-istanbul\/\">\r\n\t\t\t\t<img width=\"720\" height=\"720\" src=\"https:\/\/guvenmimarlik.com\/wp-content\/uploads\/2025\/06\/a4-copy_yeni-720x720.jpg\" class=\"attachment-theratio-portfolio-thumbnail-grid size-theratio-portfolio-thumbnail-grid wp-post-image\" alt=\"\" decoding=\"async\" loading=\"lazy\" \/>\t\t\t<\/a>\r\n\t\t\t\r\n\t\t\t<span class=\"overlay\">\r\n\t\t\t\t<h5>Sina P\u0131rlanta Ma\u011faza \/ \u0130stanbul<\/h5>\r\n\t\t\t\t<i class=\"ot-flaticon-add\"><\/i>\r\n\t\t\t<\/span>\r\n\t\t<\/div>\r\n\t\t<div class=\"portfolio-info\">\r\n\t\t\t<div class=\"portfolio-info-inner\">\r\n\t\t\t\t<h5><a class=\"title-link\" href=\"https:\/\/guvenmimarlik.com\/en\/tum-projeler\/sina-pirlanta-istanbul\/\" data-src=\"https:\/\/guvenmimarlik.com\/wp-content\/uploads\/2025\/06\/a4-copy_yeni.jpg\" data-sub-html=\"Sina P\u0131rlanta Ma\u011faza \/ \u0130stanbul\">Sina P\u0131rlanta Ma\u011faza \/ \u0130stanbul<\/a><\/h5>\r\n\t\t\t\t<p class=\"portfolio-cates\"><a href=\"https:\/\/guvenmimarlik.com\/portfolio-category\/ic-mekan\/\">\u0130\u00e7 Mekan<\/a><\/p> \r\n\t\t\t<\/div>\r\n\t\t\t<a class=\"overlay\" href=\"https:\/\/guvenmimarlik.com\/en\/tum-projeler\/sina-pirlanta-istanbul\/\"><\/a>\r\n\t\t<\/div>\r\n\t<\/div>\r\n<\/div>\r\n<div class=\"project-item category-18 \">\r\n\t<div class=\"projects-box\">\r\n\t\t<div class=\"projects-thumbnail\" data-src=\"https:\/\/guvenmimarlik.com\/wp-content\/uploads\/2025\/06\/ChatGPT-Image-13-Haz-2025-16_59_43.png\" data-sub-html=\"Karesi Ma\u011faza \/ \u0130stanbul\">\r\n\t\t\t<a href=\"https:\/\/guvenmimarlik.com\/en\/tum-projeler\/karesi-magaza-istanbul\/\">\r\n\t\t\t\t<img width=\"720\" height=\"720\" src=\"https:\/\/guvenmimarlik.com\/wp-content\/uploads\/2025\/06\/ChatGPT-Image-13-Haz-2025-16_59_43-720x720.png\" class=\"attachment-theratio-portfolio-thumbnail-grid size-theratio-portfolio-thumbnail-grid wp-post-image\" alt=\"\" decoding=\"async\" loading=\"lazy\" \/>\t\t\t<\/a>\r\n\t\t\t\r\n\t\t\t<span class=\"overlay\">\r\n\t\t\t\t<h5>Karesi Ma\u011faza \/ \u0130stanbul<\/h5>\r\n\t\t\t\t<i class=\"ot-flaticon-add\"><\/i>\r\n\t\t\t<\/span>\r\n\t\t<\/div>\r\n\t\t<div class=\"portfolio-info\">\r\n\t\t\t<div class=\"portfolio-info-inner\">\r\n\t\t\t\t<h5><a class=\"title-link\" href=\"https:\/\/guvenmimarlik.com\/en\/tum-projeler\/karesi-magaza-istanbul\/\" data-src=\"https:\/\/guvenmimarlik.com\/wp-content\/uploads\/2025\/06\/ChatGPT-Image-13-Haz-2025-16_59_43.png\" data-sub-html=\"Karesi Ma\u011faza \/ \u0130stanbul\">Karesi Ma\u011faza \/ \u0130stanbul<\/a><\/h5>\r\n\t\t\t\t<p class=\"portfolio-cates\"><a href=\"https:\/\/guvenmimarlik.com\/portfolio-category\/ic-mekan\/\">\u0130\u00e7 Mekan<\/a><\/p> \r\n\t\t\t<\/div>\r\n\t\t\t<a class=\"overlay\" href=\"https:\/\/guvenmimarlik.com\/en\/tum-projeler\/karesi-magaza-istanbul\/\"><\/a>\r\n\t\t<\/div>\r\n\t<\/div>\r\n<\/div>\r\n<div class=\"project-item category-18 category-15 \">\r\n\t<div class=\"projects-box\">\r\n\t\t<div class=\"projects-thumbnail\" data-src=\"https:\/\/guvenmimarlik.com\/wp-content\/uploads\/2025\/06\/04-copy.jpg\" data-sub-html=\"Martin Lion Ma\u011faza \/ \u0130stanbul\">\r\n\t\t\t<a href=\"https:\/\/guvenmimarlik.com\/en\/tum-projeler\/martin-lion-magaza-istanbul\/\">\r\n\t\t\t\t<img width=\"720\" height=\"720\" src=\"https:\/\/guvenmimarlik.com\/wp-content\/uploads\/2025\/06\/04-copy-720x720.jpg\" class=\"attachment-theratio-portfolio-thumbnail-grid size-theratio-portfolio-thumbnail-grid wp-post-image\" alt=\"\" decoding=\"async\" loading=\"lazy\" \/>\t\t\t<\/a>\r\n\t\t\t\r\n\t\t\t<span class=\"overlay\">\r\n\t\t\t\t<h5>Martin Lion Ma\u011faza \/ \u0130stanbul<\/h5>\r\n\t\t\t\t<i class=\"ot-flaticon-add\"><\/i>\r\n\t\t\t<\/span>\r\n\t\t<\/div>\r\n\t\t<div class=\"portfolio-info\">\r\n\t\t\t<div class=\"portfolio-info-inner\">\r\n\t\t\t\t<h5><a class=\"title-link\" href=\"https:\/\/guvenmimarlik.com\/en\/tum-projeler\/martin-lion-magaza-istanbul\/\" data-src=\"https:\/\/guvenmimarlik.com\/wp-content\/uploads\/2025\/06\/04-copy.jpg\" data-sub-html=\"Martin Lion Ma\u011faza \/ \u0130stanbul\">Martin Lion Ma\u011faza \/ \u0130stanbul<\/a><\/h5>\r\n\t\t\t\t<p class=\"portfolio-cates\"><a href=\"https:\/\/guvenmimarlik.com\/portfolio-category\/ic-mekan\/\">\u0130\u00e7 Mekan<\/a><a href=\"https:\/\/guvenmimarlik.com\/portfolio-category\/mimari-proje\/\">Mimari Proje<\/a><\/p> \r\n\t\t\t<\/div>\r\n\t\t\t<a class=\"overlay\" href=\"https:\/\/guvenmimarlik.com\/en\/tum-projeler\/martin-lion-magaza-istanbul\/\"><\/a>\r\n\t\t<\/div>\r\n\t<\/div>\r\n<\/div>\r\n<div class=\"project-item category-18 category-15 \">\r\n\t<div class=\"projects-box\">\r\n\t\t<div class=\"projects-thumbnail\" data-src=\"https:\/\/guvenmimarlik.com\/wp-content\/uploads\/2025\/06\/02-copy.jpg\" data-sub-html=\"F\u0131rat Filo \/ \u0130stanbul\">\r\n\t\t\t<a href=\"https:\/\/guvenmimarlik.com\/en\/tum-projeler\/firat-filo-istanbul\/\">\r\n\t\t\t\t<img width=\"720\" height=\"720\" src=\"https:\/\/guvenmimarlik.com\/wp-content\/uploads\/2025\/06\/02-copy-720x720.jpg\" class=\"attachment-theratio-portfolio-thumbnail-grid size-theratio-portfolio-thumbnail-grid wp-post-image\" alt=\"\" decoding=\"async\" loading=\"lazy\" \/>\t\t\t<\/a>\r\n\t\t\t\r\n\t\t\t<span class=\"overlay\">\r\n\t\t\t\t<h5>F\u0131rat Filo \/ \u0130stanbul<\/h5>\r\n\t\t\t\t<i class=\"ot-flaticon-add\"><\/i>\r\n\t\t\t<\/span>\r\n\t\t<\/div>\r\n\t\t<div class=\"portfolio-info\">\r\n\t\t\t<div class=\"portfolio-info-inner\">\r\n\t\t\t\t<h5><a class=\"title-link\" href=\"https:\/\/guvenmimarlik.com\/en\/tum-projeler\/firat-filo-istanbul\/\" data-src=\"https:\/\/guvenmimarlik.com\/wp-content\/uploads\/2025\/06\/02-copy.jpg\" data-sub-html=\"F\u0131rat Filo \/ \u0130stanbul\">F\u0131rat Filo \/ \u0130stanbul<\/a><\/h5>\r\n\t\t\t\t<p class=\"portfolio-cates\"><a href=\"https:\/\/guvenmimarlik.com\/portfolio-category\/ic-mekan\/\">\u0130\u00e7 Mekan<\/a><a href=\"https:\/\/guvenmimarlik.com\/portfolio-category\/mimari-proje\/\">Mimari Proje<\/a><\/p> \r\n\t\t\t<\/div>\r\n\t\t\t<a class=\"overlay\" href=\"https:\/\/guvenmimarlik.com\/en\/tum-projeler\/firat-filo-istanbul\/\"><\/a>\r\n\t\t<\/div>\r\n\t<\/div>\r\n<\/div>\r\n<div class=\"project-item category-15 \">\r\n\t<div class=\"projects-box\">\r\n\t\t<div class=\"projects-thumbnail\" data-src=\"https:\/\/guvenmimarlik.com\/wp-content\/uploads\/2025\/06\/3_15-Foto-copy-scaled.jpg\" data-sub-html=\"Emaar Libya \/ Libya\">\r\n\t\t\t<a href=\"https:\/\/guvenmimarlik.com\/en\/tum-projeler\/emaar-libya-libya\/\">\r\n\t\t\t\t<img width=\"720\" height=\"720\" src=\"https:\/\/guvenmimarlik.com\/wp-content\/uploads\/2025\/06\/3_15-Foto-copy-720x720.jpg\" class=\"attachment-theratio-portfolio-thumbnail-grid size-theratio-portfolio-thumbnail-grid wp-post-image\" alt=\"\" decoding=\"async\" loading=\"lazy\" \/>\t\t\t<\/a>\r\n\t\t\t\r\n\t\t\t<span class=\"overlay\">\r\n\t\t\t\t<h5>Emaar Libya \/ Libya<\/h5>\r\n\t\t\t\t<i class=\"ot-flaticon-add\"><\/i>\r\n\t\t\t<\/span>\r\n\t\t<\/div>\r\n\t\t<div class=\"portfolio-info\">\r\n\t\t\t<div class=\"portfolio-info-inner\">\r\n\t\t\t\t<h5><a class=\"title-link\" href=\"https:\/\/guvenmimarlik.com\/en\/tum-projeler\/emaar-libya-libya\/\" data-src=\"https:\/\/guvenmimarlik.com\/wp-content\/uploads\/2025\/06\/3_15-Foto-copy-scaled.jpg\" data-sub-html=\"Emaar Libya \/ Libya\">Emaar Libya \/ Libya<\/a><\/h5>\r\n\t\t\t\t<p class=\"portfolio-cates\"><a href=\"https:\/\/guvenmimarlik.com\/portfolio-category\/mimari-proje\/\">Mimari Proje<\/a><\/p> \r\n\t\t\t<\/div>\r\n\t\t\t<a class=\"overlay\" href=\"https:\/\/guvenmimarlik.com\/en\/tum-projeler\/emaar-libya-libya\/\"><\/a>\r\n\t\t<\/div>\r\n\t<\/div>\r\n<\/div>\t\t\t<\/div>\r\n\r\n\t\t\t<div class=\"btn-block\"><a href=\"#\" class=\"btn-loadmore octf-btn\" data-category=\"15,17,18\" data-loaded=\"Load More\" data-loading=\"Loading...\" data-style=\"grid\">Load More<\/a><\/div>\t    <\/div>\r\n\t\t\t\t\t\t\t\t\t\t\r\n\t    \t\t<\/div>\n\t\t\t\t<\/div>\n\t\t\t\t\t<\/div>\n\t\t<\/div>\n\t\t\t\t\t\t\t<\/div>\n\t\t<\/section>\n\t\t\t\t\t\t\t<\/div>\n\t\t","protected":false},"excerpt":{"rendered":"<p>All Mimari Proje R\u00f6l\u00f6ve &#8211; Restorasyon \u0130\u00e7 Mekan Ta\u015f Pasaj Somaliland\/Afrika Ta\u015f Pasaj Somaliland\/Afrika \u0130\u00e7 MekanMimari Proje Villa Afrika Somaliland Villa Afrika Somaliland \u0130\u00e7 MekanMimari Proje Restorasyon-Cephe \u0130yile\u015ftirme Restorasyon-Cephe \u0130yile\u015ftirme R\u00f6l\u00f6ve &#8211; Restorasyon Avrasya Dijital Sanatlar K\u00fclliyesi Avrasya Dijital Sanatlar K\u00fclliyesi Mimari Proje<\/p>\n","protected":false},"author":1,"featured_media":0,"parent":0,"menu_order":0,"comment_status":"closed","ping_status":"closed","template":"","meta":[],"_links":{"self":[{"href":"https:\/\/guvenmimarlik.com\/en\/wp-json\/wp\/v2\/pages\/6142"}],"collection":[{"href":"https:\/\/guvenmimarlik.com\/en\/wp-json\/wp\/v2\/pages"}],"about":[{"href":"https:\/\/guvenmimarlik.com\/en\/wp-json\/wp\/v2\/types\/page"}],"author":[{"embeddable":true,"href":"https:\/\/guvenmimarlik.com\/en\/wp-json\/wp\/v2\/users\/1"}],"replies":[{"embeddable":true,"href":"https:\/\/guvenmimarlik.com\/en\/wp-json\/wp\/v2\/comments?post=6142"}],"version-history":[{"count":4,"href":"https:\/\/guvenmimarlik.com\/en\/wp-json\/wp\/v2\/pages\/6142\/revisions"}],"predecessor-version":[{"id":6160,"href":"https:\/\/guvenmimarlik.com\/en\/wp-json\/wp\/v2\/pages\/6142\/revisions\/6160"}],"wp:attachment":[{"href":"https:\/\/guvenmimarlik.com\/en\/wp-json\/wp\/v2\/media?parent=6142"}],"curies":[{"name":"wp","href":"https:\/\/api.w.org\/{rel}","templated":true}]}}